{"id":2799,"date":"2022-01-04T20:10:52","date_gmt":"2022-01-04T20:10:52","guid":{"rendered":"https:\/\/aerofix.com.br\/?post_type=product&#038;p=2799"},"modified":"2022-01-29T10:07:42","modified_gmt":"2022-01-29T10:07:42","slug":"pwc30128-14-threaded-puller","status":"publish","type":"product","link":"https:\/\/aerofix.com.br\/pt\/produto\/pwc30128-14-threaded-puller\/","title":{"rendered":"PWC30128-14 Threaded Puller"},"content":{"rendered":"<p>&nbsp;<\/p>\n<table style=\"height: 385px;\" width=\"927\">\n<tbody>\n<tr>\n<td><span style=\"font-weight: 400;\">Part Number<\/span><\/td>\n<td>PWC30128-14<\/td>\n<\/tr>\n<tr>\n<td><span style=\"font-weight: 400;\">Description<\/span><\/td>\n<td>Threaded Puller<\/td>\n<\/tr>\n<tr>\n<td><span style=\"font-weight: 400;\">Application<\/span><\/td>\n<td>PT6A-140<br \/>\nPT6A-140AG<br \/>\nPT6A-60A\/60AG\/61<br \/>\nPT6A-65AG\/65AR\/65B\/65R<br \/>\nPT6A-66D<br \/>\nPT6A-67\/67A\/67AF\/67AG\/67R\/67T<br \/>\nPT6A-67B\/67P<\/td>\n<\/tr>\n<tr>\n<td><span style=\"font-weight: 400;\">Maintenance type<\/span><\/td>\n<td><span style=\"font-weight: 400;\">LINE<\/span><\/td>\n<\/tr>\n<tr>\n<td><span style=\"font-weight: 400;\">Status<\/span><\/td>\n<td><span style=\"font-weight: 400;\"><strong>Already Manufacturing<\/strong><br \/>\n<em>Disponivel para produ\u00e7\u00e3o<\/em><em><br \/>\nDisponible para producci\u00f3n<\/em><\/span><\/td>\n<\/tr>\n<\/tbody>\n<\/table>\n<p>&nbsp;<\/p>","protected":false},"excerpt":{"rendered":"<p>&nbsp; Part Number PWC30128-14 Description Threaded Puller Application PT6A-140 PT6A-140AG PT6A-60A\/60AG\/61 PT6A-65AG\/65AR\/65B\/65R PT6A-66D PT6A-67\/67A\/67AF\/67AG\/67R\/67T PT6A-67B\/67P Maintenance type LINE Status Already Manufacturing Disponivel para produ\u00e7\u00e3o Disponible para producci\u00f3n &nbsp;<\/p>","protected":false},"featured_media":2800,"template":"","meta":{"_et_pb_use_builder":"","_et_pb_old_content":"","_et_gb_content_width":""},"product_cat":[33,41,42,48,50,51,52,53],"product_tag":[],"_links":{"self":[{"href":"https:\/\/aerofix.com.br\/pt\/wp-json\/wp\/v2\/product\/2799"}],"collection":[{"href":"https:\/\/aerofix.com.br\/pt\/wp-json\/wp\/v2\/product"}],"about":[{"href":"https:\/\/aerofix.com.br\/pt\/wp-json\/wp\/v2\/types\/product"}],"wp:featuredmedia":[{"embeddable":true,"href":"https:\/\/aerofix.com.br\/pt\/wp-json\/wp\/v2\/media\/2800"}],"wp:attachment":[{"href":"https:\/\/aerofix.com.br\/pt\/wp-json\/wp\/v2\/media?parent=2799"}],"wp:term":[{"taxonomy":"product_cat","embeddable":true,"href":"https:\/\/aerofix.com.br\/pt\/wp-json\/wp\/v2\/product_cat?post=2799"},{"taxonomy":"product_tag","embeddable":true,"href":"https:\/\/aerofix.com.br\/pt\/wp-json\/wp\/v2\/product_tag?post=2799"}],"curies":[{"name":"wp","href":"https:\/\/api.w.org\/{rel}","templated":true}]}}