{"id":2810,"date":"2022-01-04T20:45:22","date_gmt":"2022-01-04T20:45:22","guid":{"rendered":"https:\/\/aerofix.com.br\/?post_type=product&#038;p=2810"},"modified":"2025-01-28T21:22:24","modified_gmt":"2025-01-28T21:22:24","slug":"pwc30332-wrench","status":"publish","type":"product","link":"https:\/\/aerofix.com.br\/pt\/produto\/pwc30332-wrench\/","title":{"rendered":"PWC30332 Wrench"},"content":{"rendered":"<p>&nbsp;<\/p>\n<table style=\"height: 385px;\" width=\"927\">\n<tbody>\n<tr>\n<td><span style=\"font-weight: 400;\">Part Number<\/span><\/td>\n<td>PWC30332<\/td>\n<\/tr>\n<tr>\n<td><span style=\"font-weight: 400;\">Description<\/span><\/td>\n<td>Wrench<\/td>\n<\/tr>\n<tr>\n<td><span style=\"font-weight: 400;\">Application<\/span><\/td>\n<td>&nbsp;<\/p>\n<p>PT6A-11\/11AG\/15AG\/110\/112\/121<br \/>\nPT6A-114\/114A\/135\/135A<br \/>\nPT6A-21\/27\/28<br \/>\nPT6A-34\/34AG\/34B\/36<br \/>\nPT6A-6,-6A,-6B,-6\/C20,-20,-20A and -20B<\/p>\n<p>&nbsp;<\/td>\n<\/tr>\n<tr>\n<td><span style=\"font-weight: 400;\">Maintenance type<\/span><\/td>\n<td><span style=\"font-weight: 400;\">HEAVY<\/span><\/td>\n<\/tr>\n<tr>\n<td><span style=\"font-weight: 400;\">Status<\/span><\/td>\n<td><span style=\"font-weight: 400;\"><strong>Already Manufacturing<\/strong><br \/>\n<em>Disponivel para produ\u00e7\u00e3o<\/em><em><br \/>\nDisponible para producci\u00f3n<\/em><\/span><\/td>\n<\/tr>\n<\/tbody>\n<\/table>\n<p>&nbsp;<\/p>","protected":false},"excerpt":{"rendered":"<p>&nbsp; Part Number PWC30332 Description Wrench Application &nbsp; PT6A-11\/11AG\/15AG\/110\/112\/121 PT6A-114\/114A\/135\/135A PT6A-21\/27\/28 PT6A-34\/34AG\/34B\/36 PT6A-6,-6A,-6B,-6\/C20,-20,-20A and -20B &nbsp; Maintenance type HEAVY Status Already Manufacturing Disponivel para produ\u00e7\u00e3o Disponible para producci\u00f3n &nbsp;<\/p>","protected":false},"featured_media":3928,"template":"","meta":{"_et_pb_use_builder":"","_et_pb_old_content":"","_et_gb_content_width":""},"product_cat":[33,39,40,43,45,54],"product_tag":[],"_links":{"self":[{"href":"https:\/\/aerofix.com.br\/pt\/wp-json\/wp\/v2\/product\/2810"}],"collection":[{"href":"https:\/\/aerofix.com.br\/pt\/wp-json\/wp\/v2\/product"}],"about":[{"href":"https:\/\/aerofix.com.br\/pt\/wp-json\/wp\/v2\/types\/product"}],"wp:featuredmedia":[{"embeddable":true,"href":"https:\/\/aerofix.com.br\/pt\/wp-json\/wp\/v2\/media\/3928"}],"wp:attachment":[{"href":"https:\/\/aerofix.com.br\/pt\/wp-json\/wp\/v2\/media?parent=2810"}],"wp:term":[{"taxonomy":"product_cat","embeddable":true,"href":"https:\/\/aerofix.com.br\/pt\/wp-json\/wp\/v2\/product_cat?post=2810"},{"taxonomy":"product_tag","embeddable":true,"href":"https:\/\/aerofix.com.br\/pt\/wp-json\/wp\/v2\/product_tag?post=2810"}],"curies":[{"name":"wp","href":"https:\/\/api.w.org\/{rel}","templated":true}]}}