{"id":3064,"date":"2022-01-05T19:38:26","date_gmt":"2022-01-05T19:38:26","guid":{"rendered":"https:\/\/aerofix.com.br\/?post_type=product&#038;p=3064"},"modified":"2022-01-29T00:35:57","modified_gmt":"2022-01-29T00:35:57","slug":"pwc37441-pusher-no-7-bearing-inner-race-2","status":"publish","type":"product","link":"https:\/\/aerofix.com.br\/pt\/produto\/pwc37441-pusher-no-7-bearing-inner-race-2\/","title":{"rendered":"PWC37441 Pusher, No. 7 Bearing Inner Race"},"content":{"rendered":"<p>&nbsp;<\/p>\n<table style=\"height: 385px;\" width=\"927\">\n<tbody>\n<tr>\n<td><span style=\"font-weight: 400;\">Part Number<\/span><\/td>\n<td>PWC37441<\/td>\n<\/tr>\n<tr>\n<td><span style=\"font-weight: 400;\">Description<\/span><\/td>\n<td>Pusher, No. 7 Bearing Inner Race<\/td>\n<\/tr>\n<tr>\n<td>CH\/SE\/SU<\/td>\n<td>&nbsp;<\/p>\n<p>72-03-00<br \/>\n72-01-40<\/p>\n<p>&nbsp;<\/td>\n<\/tr>\n<tr>\n<td><span style=\"font-weight: 400;\">Maintenance type<\/span><\/td>\n<td><span style=\"font-weight: 400;\">HEAVY<\/span><\/td>\n<\/tr>\n<tr>\n<td><span style=\"font-weight: 400;\">Status<\/span><\/td>\n<td><span style=\"font-weight: 400;\"><strong>Already Manufacturing<\/strong><br \/>\n<em>Disponivel para produ\u00e7\u00e3o<\/em><em><br \/>\nDisponible para producci\u00f3n<\/em><\/span><\/td>\n<\/tr>\n<\/tbody>\n<\/table>\n<p>&nbsp;<\/p>","protected":false},"excerpt":{"rendered":"<p>&nbsp; Part Number PWC37441 Description Pusher, No. 7 Bearing Inner Race CH\/SE\/SU &nbsp; 72-03-00 72-01-40 &nbsp; Maintenance type HEAVY Status Already Manufacturing Disponivel para produ\u00e7\u00e3o Disponible para producci\u00f3n &nbsp;<\/p>","protected":false},"featured_media":3061,"template":"","meta":{"_et_pb_use_builder":"","_et_pb_old_content":"","_et_gb_content_width":""},"product_cat":[32],"product_tag":[],"_links":{"self":[{"href":"https:\/\/aerofix.com.br\/pt\/wp-json\/wp\/v2\/product\/3064"}],"collection":[{"href":"https:\/\/aerofix.com.br\/pt\/wp-json\/wp\/v2\/product"}],"about":[{"href":"https:\/\/aerofix.com.br\/pt\/wp-json\/wp\/v2\/types\/product"}],"wp:featuredmedia":[{"embeddable":true,"href":"https:\/\/aerofix.com.br\/pt\/wp-json\/wp\/v2\/media\/3061"}],"wp:attachment":[{"href":"https:\/\/aerofix.com.br\/pt\/wp-json\/wp\/v2\/media?parent=3064"}],"wp:term":[{"taxonomy":"product_cat","embeddable":true,"href":"https:\/\/aerofix.com.br\/pt\/wp-json\/wp\/v2\/product_cat?post=3064"},{"taxonomy":"product_tag","embeddable":true,"href":"https:\/\/aerofix.com.br\/pt\/wp-json\/wp\/v2\/product_tag?post=3064"}],"curies":[{"name":"wp","href":"https:\/\/api.w.org\/{rel}","templated":true}]}}