{"id":3591,"date":"2022-03-02T23:33:27","date_gmt":"2022-03-02T23:33:27","guid":{"rendered":"https:\/\/aerofix.com.br\/?post_type=product&#038;p=3591"},"modified":"2022-03-03T00:29:06","modified_gmt":"2022-03-03T00:29:06","slug":"pwc30046-53-puller","status":"publish","type":"product","link":"https:\/\/aerofix.com.br\/pt\/produto\/pwc30046-53-puller\/","title":{"rendered":"PWC30046-53 Puller"},"content":{"rendered":"<p>&nbsp;<\/p>\n<table style=\"height: 385px;\" width=\"927\">\n<tbody>\n<tr>\n<td><span style=\"font-weight: 400;\">Part Number<\/span><\/td>\n<td>PWC30046-53<\/td>\n<\/tr>\n<tr>\n<td><span style=\"font-weight: 400;\">Description<\/span><\/td>\n<td>Puller<\/td>\n<\/tr>\n<tr>\n<td><span style=\"font-weight: 400;\">Application<\/span><\/td>\n<td>&nbsp;<\/p>\n<p>PT6A-6,-6A,-6B,-6\/C20,-20,-20A and -20B<\/p>\n<p>&nbsp;<\/td>\n<\/tr>\n<tr>\n<td><span style=\"font-weight: 400;\">Maintenance type<\/span><\/td>\n<td><span style=\"font-weight: 400;\">LINE<\/span><\/td>\n<\/tr>\n<tr>\n<td><span style=\"font-weight: 400;\">Status<\/span><\/td>\n<td><span style=\"font-weight: 400;\"><strong>Already Manufacturing<\/strong><br \/>\n<em>Disponivel para produ\u00e7\u00e3o<\/em><em><br \/>\nDisponible para producci\u00f3n<\/em><\/span><\/td>\n<\/tr>\n<\/tbody>\n<\/table>\n<p>&nbsp;<\/p>","protected":false},"excerpt":{"rendered":"<p>&nbsp; Part Number PWC30046-53 Description Puller Application &nbsp; PT6A-6,-6A,-6B,-6\/C20,-20,-20A and -20B &nbsp; Maintenance type LINE Status Already Manufacturing Disponivel para produ\u00e7\u00e3o Disponible para producci\u00f3n &nbsp;<\/p>","protected":false},"featured_media":3592,"template":"","meta":{"_et_pb_use_builder":"","_et_pb_old_content":"","_et_gb_content_width":""},"product_cat":[33,54],"product_tag":[],"_links":{"self":[{"href":"https:\/\/aerofix.com.br\/pt\/wp-json\/wp\/v2\/product\/3591"}],"collection":[{"href":"https:\/\/aerofix.com.br\/pt\/wp-json\/wp\/v2\/product"}],"about":[{"href":"https:\/\/aerofix.com.br\/pt\/wp-json\/wp\/v2\/types\/product"}],"wp:featuredmedia":[{"embeddable":true,"href":"https:\/\/aerofix.com.br\/pt\/wp-json\/wp\/v2\/media\/3592"}],"wp:attachment":[{"href":"https:\/\/aerofix.com.br\/pt\/wp-json\/wp\/v2\/media?parent=3591"}],"wp:term":[{"taxonomy":"product_cat","embeddable":true,"href":"https:\/\/aerofix.com.br\/pt\/wp-json\/wp\/v2\/product_cat?post=3591"},{"taxonomy":"product_tag","embeddable":true,"href":"https:\/\/aerofix.com.br\/pt\/wp-json\/wp\/v2\/product_tag?post=3591"}],"curies":[{"name":"wp","href":"https:\/\/api.w.org\/{rel}","templated":true}]}}