{"id":3739,"date":"2024-03-04T22:07:06","date_gmt":"2024-03-04T22:07:06","guid":{"rendered":"https:\/\/aerofix.com.br\/?post_type=product&#038;p=3739"},"modified":"2024-03-04T22:25:08","modified_gmt":"2024-03-04T22:25:08","slug":"pwc66810","status":"publish","type":"product","link":"https:\/\/aerofix.com.br\/pt\/produto\/pwc66810\/","title":{"rendered":"PWC66810"},"content":{"rendered":"<p>&nbsp;<\/p>\n<table style=\"height: 385px;\" width=\"927\">\n<tbody>\n<tr>\n<td><span style=\"font-weight: 400;\">Part Number<\/span><\/td>\n<td>PWC66810<\/td>\n<\/tr>\n<tr>\n<td><span style=\"font-weight: 400;\">Description<\/span><\/td>\n<td>Drift, Seal, Fuel Control and Spare Accessory Drive Mount Pads<\/td>\n<\/tr>\n<tr>\n<td><span style=\"font-weight: 400;\">Application<\/span><\/td>\n<td>&nbsp;<\/p>\n<p>JT15<br \/>\nPW530<\/p>\n<p>&nbsp;<\/td>\n<\/tr>\n<tr>\n<td><span style=\"font-weight: 400;\">Maintenance type<\/span><\/td>\n<td><span style=\"font-weight: 400;\">Line<\/span><\/td>\n<\/tr>\n<tr>\n<td><span style=\"font-weight: 400;\">Status<\/span><\/td>\n<td><span style=\"font-weight: 400;\"><strong>Already Manufacturing<\/strong><br \/>\n<em>Disponivel para produ\u00e7\u00e3o<\/em><em><br \/>\nDisponible para producci\u00f3n<\/em><\/span><\/td>\n<\/tr>\n<\/tbody>\n<\/table>","protected":false},"excerpt":{"rendered":"<p>&nbsp; Part Number PWC66810 Description Drift, Seal, Fuel Control and Spare Accessory Drive Mount Pads Application &nbsp; JT15 PW530 &nbsp; Maintenance type Line Status Already Manufacturing Disponivel para produ\u00e7\u00e3o Disponible para producci\u00f3n<\/p>","protected":false},"featured_media":3740,"template":"","meta":{"_et_pb_use_builder":"","_et_pb_old_content":"","_et_gb_content_width":""},"product_cat":[62,61],"product_tag":[],"_links":{"self":[{"href":"https:\/\/aerofix.com.br\/pt\/wp-json\/wp\/v2\/product\/3739"}],"collection":[{"href":"https:\/\/aerofix.com.br\/pt\/wp-json\/wp\/v2\/product"}],"about":[{"href":"https:\/\/aerofix.com.br\/pt\/wp-json\/wp\/v2\/types\/product"}],"wp:featuredmedia":[{"embeddable":true,"href":"https:\/\/aerofix.com.br\/pt\/wp-json\/wp\/v2\/media\/3740"}],"wp:attachment":[{"href":"https:\/\/aerofix.com.br\/pt\/wp-json\/wp\/v2\/media?parent=3739"}],"wp:term":[{"taxonomy":"product_cat","embeddable":true,"href":"https:\/\/aerofix.com.br\/pt\/wp-json\/wp\/v2\/product_cat?post=3739"},{"taxonomy":"product_tag","embeddable":true,"href":"https:\/\/aerofix.com.br\/pt\/wp-json\/wp\/v2\/product_tag?post=3739"}],"curies":[{"name":"wp","href":"https:\/\/api.w.org\/{rel}","templated":true}]}}