{"id":3748,"date":"2024-03-05T01:36:44","date_gmt":"2024-03-05T01:36:44","guid":{"rendered":"https:\/\/aerofix.com.br\/?post_type=product&#038;p=3748"},"modified":"2024-03-05T01:38:11","modified_gmt":"2024-03-05T01:38:11","slug":"pwc30304-11","status":"publish","type":"product","link":"https:\/\/aerofix.com.br\/pt\/produto\/pwc30304-11\/","title":{"rendered":"PWC30304-11"},"content":{"rendered":"<p>&nbsp;<\/p>\n<table style=\"height: 385px;\" width=\"927\">\n<tbody>\n<tr>\n<td><span style=\"font-weight: 400;\">Part Number<\/span><\/td>\n<td>PWC30304-11<\/td>\n<\/tr>\n<tr>\n<td><span style=\"font-weight: 400;\">Description<\/span><\/td>\n<td>Set, LP Compressor Disk Balancing Rivets<\/td>\n<\/tr>\n<tr>\n<td><span style=\"font-weight: 400;\">Application<\/span><\/td>\n<td>JT15<\/td>\n<\/tr>\n<tr>\n<td><span style=\"font-weight: 400;\">Maintenance type<\/span><\/td>\n<td><span style=\"font-weight: 400;\">HEAVY\u00a0<\/span><\/td>\n<\/tr>\n<tr>\n<td><span style=\"font-weight: 400;\">Status<\/span><\/td>\n<td><span style=\"font-weight: 400;\"><strong>Already Manufacturing<\/strong><br \/>\n<em>Disponivel para produ\u00e7\u00e3o<\/em><em><br \/>\nDisponible para producci\u00f3n<\/em><\/span><\/td>\n<\/tr>\n<\/tbody>\n<\/table>","protected":false},"excerpt":{"rendered":"<p>&nbsp; Part Number PWC30304-11 Description Set, LP Compressor Disk Balancing Rivets Application JT15 Maintenance type HEAVY\u00a0 Status Already Manufacturing Disponivel para produ\u00e7\u00e3o Disponible para producci\u00f3n<\/p>","protected":false},"featured_media":0,"template":"","meta":{"_et_pb_use_builder":"","_et_pb_old_content":"","_et_gb_content_width":""},"product_cat":[62],"product_tag":[],"_links":{"self":[{"href":"https:\/\/aerofix.com.br\/pt\/wp-json\/wp\/v2\/product\/3748"}],"collection":[{"href":"https:\/\/aerofix.com.br\/pt\/wp-json\/wp\/v2\/product"}],"about":[{"href":"https:\/\/aerofix.com.br\/pt\/wp-json\/wp\/v2\/types\/product"}],"wp:attachment":[{"href":"https:\/\/aerofix.com.br\/pt\/wp-json\/wp\/v2\/media?parent=3748"}],"wp:term":[{"taxonomy":"product_cat","embeddable":true,"href":"https:\/\/aerofix.com.br\/pt\/wp-json\/wp\/v2\/product_cat?post=3748"},{"taxonomy":"product_tag","embeddable":true,"href":"https:\/\/aerofix.com.br\/pt\/wp-json\/wp\/v2\/product_tag?post=3748"}],"curies":[{"name":"wp","href":"https:\/\/api.w.org\/{rel}","templated":true}]}}