{"id":3835,"date":"2024-07-07T22:11:49","date_gmt":"2024-07-07T22:11:49","guid":{"rendered":"https:\/\/aerofix.com.br\/?post_type=product&#038;p=3835"},"modified":"2024-07-07T22:16:26","modified_gmt":"2024-07-07T22:16:26","slug":"pwc30271-spreader","status":"publish","type":"product","link":"https:\/\/aerofix.com.br\/pt\/produto\/pwc30271-spreader\/","title":{"rendered":"PWC30271 Spreader"},"content":{"rendered":"<p>&nbsp;<\/p>\n<table style=\"height: 385px;\" width=\"927\">\n<tbody>\n<tr>\n<td><span style=\"font-weight: 400;\">Part Number<\/span><\/td>\n<td><span style=\"font-weight: 400;\">PWC30271<\/span><\/td>\n<\/tr>\n<tr>\n<td><span style=\"font-weight: 400;\">Description<\/span><\/td>\n<td>Spreader<\/td>\n<\/tr>\n<tr>\n<td><span style=\"font-weight: 400;\">Application<\/span><\/td>\n<td>&nbsp;<\/p>\n<p>PT6A-21\/27\/28<br \/>\nPT6A-140<br \/>\nPT6A-38\/41\/42\/42A<br \/>\nPT6T-3\/PT6T-3B\/PT6T-3BE\/PT6T-3BF\/PT6T-3BG<br \/>\nPT6A-60A\/60AG\/61<br \/>\nPT6A-114\/-114A\/-135\/-135A<br \/>\nPT6A-6,-6A,-6B,-6\/C20,-20,-20A and -20B<\/p>\n<p>&nbsp;<\/td>\n<\/tr>\n<tr>\n<td><span style=\"font-weight: 400;\">Maintenance type<\/span><\/td>\n<td><span style=\"font-weight: 400;\">LINE<\/span><\/td>\n<\/tr>\n<tr>\n<td><span style=\"font-weight: 400;\">Status<\/span><\/td>\n<td><span style=\"font-weight: 400;\"><strong>Already Manufacturing<\/strong><br \/>\n<em>Disponivel para produ\u00e7\u00e3o<\/em><em><br \/>\nDisponible para producci\u00f3n<\/em><\/span><\/td>\n<\/tr>\n<\/tbody>\n<\/table>\n<p>&nbsp;<\/p>","protected":false},"excerpt":{"rendered":"<p>&nbsp; Part Number PWC30271 Description Spreader Application &nbsp; PT6A-21\/27\/28 PT6A-140 PT6A-38\/41\/42\/42A PT6T-3\/PT6T-3B\/PT6T-3BE\/PT6T-3BF\/PT6T-3BG PT6A-60A\/60AG\/61 PT6A-114\/-114A\/-135\/-135A PT6A-6,-6A,-6B,-6\/C20,-20,-20A and -20B &nbsp; Maintenance type LINE Status Already Manufacturing Disponivel para produ\u00e7\u00e3o Disponible para producci\u00f3n &nbsp;<\/p>","protected":false},"featured_media":3198,"template":"","meta":{"_et_pb_use_builder":"","_et_pb_old_content":"","_et_gb_content_width":""},"product_cat":[33,39,64,40,41,43,45,46,54,48,50,52,53,65],"product_tag":[],"_links":{"self":[{"href":"https:\/\/aerofix.com.br\/pt\/wp-json\/wp\/v2\/product\/3835"}],"collection":[{"href":"https:\/\/aerofix.com.br\/pt\/wp-json\/wp\/v2\/product"}],"about":[{"href":"https:\/\/aerofix.com.br\/pt\/wp-json\/wp\/v2\/types\/product"}],"wp:featuredmedia":[{"embeddable":true,"href":"https:\/\/aerofix.com.br\/pt\/wp-json\/wp\/v2\/media\/3198"}],"wp:attachment":[{"href":"https:\/\/aerofix.com.br\/pt\/wp-json\/wp\/v2\/media?parent=3835"}],"wp:term":[{"taxonomy":"product_cat","embeddable":true,"href":"https:\/\/aerofix.com.br\/pt\/wp-json\/wp\/v2\/product_cat?post=3835"},{"taxonomy":"product_tag","embeddable":true,"href":"https:\/\/aerofix.com.br\/pt\/wp-json\/wp\/v2\/product_tag?post=3835"}],"curies":[{"name":"wp","href":"https:\/\/api.w.org\/{rel}","templated":true}]}}